{"id":5172,"date":"2020-08-22T12:34:41","date_gmt":"2020-08-22T11:34:41","guid":{"rendered":"https:\/\/blogs.avui.cat\/pepmoliner\/?page_id=5172"},"modified":"2020-08-22T12:34:41","modified_gmt":"2020-08-22T11:34:41","slug":"videos-mossenaires","status":"publish","type":"page","link":"https:\/\/blogs.avui.cat\/pepmoliner\/videos-mossenaires\/","title":{"rendered":"Videos Mossenaires"},"content":{"rendered":"<p>&nbsp;<\/p>\n<div class=\"separator\" style=\"clear: both;text-align: center\"><span class=\"embed-youtube\" style=\"text-align:center; display: block;\"><iframe loading=\"lazy\" class=\"youtube-player\" width=\"600\" height=\"338\" src=\"https:\/\/www.youtube.com\/embed\/Xjp7_aatXSM?version=3&#038;rel=1&#038;showsearch=0&#038;showinfo=1&#038;iv_load_policy=1&#038;fs=1&#038;hl=ca&#038;autohide=2&#038;wmode=transparent\" allowfullscreen=\"true\" style=\"border:0;\" sandbox=\"allow-scripts allow-same-origin allow-popups allow-presentation allow-popups-to-escape-sandbox\"><\/iframe><\/span><\/div>\n<p>&nbsp;<\/p>\n","protected":false},"excerpt":{"rendered":"<p>&nbsp; &nbsp;<\/p>\n","protected":false},"author":171,"featured_media":0,"parent":0,"menu_order":0,"comment_status":"closed","ping_status":"closed","template":"","meta":{"jetpack_post_was_ever_published":false,"footnotes":""},"class_list":["post-5172","page","type-page","status-publish","hentry"],"jetpack_sharing_enabled":true,"jetpack_shortlink":"https:\/\/wp.me\/PagkiK-1lq","jetpack-related-posts":[{"id":1482,"url":"https:\/\/blogs.avui.cat\/pepmoliner\/disseny-de-josep-moliner\/","url_meta":{"origin":5172,"position":0},"title":"Disseny de Josep Moliner","author":"Pep Moliner","date":"23 d'abril de 2018","format":false,"excerpt":"Com que havia treballat\u00a0pel meu compte, i no em sortia a conte, poso el meu logo a les cr\u00f2niques, per qu\u00e8 penseu amb mi si us surt la necessitat. Obert a les teves propostes. Escriure a\u00a0aquest blog \u00e9s una afici\u00f3. Poso alguna cosa del que havia fet i s\u00e9 fer.\u2026","rel":"","context":"Entrada similar","block_context":{"text":"Entrada similar","link":""},"img":{"alt_text":"","src":"https:\/\/i0.wp.com\/pepmoliner.blog.cat\/files\/2012\/05\/josepmolinerDisseny381x111-300x87.gif?resize=350%2C200","width":350,"height":200},"classes":[]}],"_links":{"self":[{"href":"https:\/\/blogs.avui.cat\/pepmoliner\/wp-json\/wp\/v2\/pages\/5172","targetHints":{"allow":["GET"]}}],"collection":[{"href":"https:\/\/blogs.avui.cat\/pepmoliner\/wp-json\/wp\/v2\/pages"}],"about":[{"href":"https:\/\/blogs.avui.cat\/pepmoliner\/wp-json\/wp\/v2\/types\/page"}],"author":[{"embeddable":true,"href":"https:\/\/blogs.avui.cat\/pepmoliner\/wp-json\/wp\/v2\/users\/171"}],"replies":[{"embeddable":true,"href":"https:\/\/blogs.avui.cat\/pepmoliner\/wp-json\/wp\/v2\/comments?post=5172"}],"version-history":[{"count":1,"href":"https:\/\/blogs.avui.cat\/pepmoliner\/wp-json\/wp\/v2\/pages\/5172\/revisions"}],"predecessor-version":[{"id":5174,"href":"https:\/\/blogs.avui.cat\/pepmoliner\/wp-json\/wp\/v2\/pages\/5172\/revisions\/5174"}],"wp:attachment":[{"href":"https:\/\/blogs.avui.cat\/pepmoliner\/wp-json\/wp\/v2\/media?parent=5172"}],"curies":[{"name":"wp","href":"https:\/\/api.w.org\/{rel}","templated":true}]}}