{"id":198,"date":"2009-12-31T15:53:24","date_gmt":"2009-12-31T14:53:24","guid":{"rendered":"http:\/\/blogs.avui.cat\/pepmoliner\/recomanacions\/"},"modified":"2013-01-09T20:44:07","modified_gmt":"2013-01-09T19:44:07","slug":"recomanacions","status":"publish","type":"page","link":"https:\/\/blogs.avui.cat\/pepmoliner\/recomanacions\/","title":{"rendered":"Recomanacions &#8211;"},"content":{"rendered":"","protected":false},"excerpt":{"rendered":"","protected":false},"author":171,"featured_media":0,"parent":0,"menu_order":0,"comment_status":"closed","ping_status":"closed","template":"page-links.php","meta":{"jetpack_post_was_ever_published":false,"footnotes":""},"class_list":["post-198","page","type-page","status-publish","hentry"],"jetpack_sharing_enabled":true,"jetpack_shortlink":"https:\/\/wp.me\/PagkiK-3c","jetpack-related-posts":[{"id":2,"url":"https:\/\/blogs.avui.cat\/pepmoliner\/quant-a\/","url_meta":{"origin":198,"position":0},"title":"Informaci\u00f3","author":"Pep Moliner","date":"19 d'agost de 2016","format":false,"excerpt":"El meu blog, blog d\u2019en Pep, que va lligat amb el domini http:\/\/www.pepmoliner.cat \u00e9s eminentment esportiu i hi escric cr\u00f2niques, exposo fotografies, anuncio curses on vaig, perqu\u00e8 el lector se\u2019n faci una idea de la meva visi\u00f3 d\u2019un entrenament, d\u2019una competici\u00f3, d\u2019una fotografia. El gust per la fotografia en ve\u2026","rel":"","context":"A &quot;General&quot;","block_context":{"text":"General","link":"https:\/\/blogs.avui.cat\/pepmoliner\/category\/general\/"},"img":{"alt_text":"","src":"","width":0,"height":0},"classes":[]}],"_links":{"self":[{"href":"https:\/\/blogs.avui.cat\/pepmoliner\/wp-json\/wp\/v2\/pages\/198","targetHints":{"allow":["GET"]}}],"collection":[{"href":"https:\/\/blogs.avui.cat\/pepmoliner\/wp-json\/wp\/v2\/pages"}],"about":[{"href":"https:\/\/blogs.avui.cat\/pepmoliner\/wp-json\/wp\/v2\/types\/page"}],"author":[{"embeddable":true,"href":"https:\/\/blogs.avui.cat\/pepmoliner\/wp-json\/wp\/v2\/users\/171"}],"replies":[{"embeddable":true,"href":"https:\/\/blogs.avui.cat\/pepmoliner\/wp-json\/wp\/v2\/comments?post=198"}],"version-history":[{"count":4,"href":"https:\/\/blogs.avui.cat\/pepmoliner\/wp-json\/wp\/v2\/pages\/198\/revisions"}],"predecessor-version":[{"id":3207,"href":"https:\/\/blogs.avui.cat\/pepmoliner\/wp-json\/wp\/v2\/pages\/198\/revisions\/3207"}],"wp:attachment":[{"href":"https:\/\/blogs.avui.cat\/pepmoliner\/wp-json\/wp\/v2\/media?parent=198"}],"curies":[{"name":"wp","href":"https:\/\/api.w.org\/{rel}","templated":true}]}}