{"id":1482,"date":"2018-04-23T06:23:21","date_gmt":"2018-04-23T05:23:21","guid":{"rendered":"http:\/\/blogs.avui.cat\/pepmoliner\/"},"modified":"2018-05-09T16:00:56","modified_gmt":"2018-05-09T15:00:56","slug":"disseny-de-josep-moliner","status":"publish","type":"page","link":"https:\/\/blogs.avui.cat\/pepmoliner\/disseny-de-josep-moliner\/","title":{"rendered":"Disseny de Josep Moliner"},"content":{"rendered":"<div id=\"attachment_755535\" style=\"width: 310px\" class=\"wp-caption alignleft\"><a href=\"https:\/\/i0.wp.com\/pepmoliner.blog.cat\/files\/2012\/05\/josepmolinerDisseny381x111.gif\"><img data-recalc-dims=\"1\" loading=\"lazy\" decoding=\"async\" aria-describedby=\"caption-attachment-755535\" class=\"size-medium wp-image-755535\" src=\"https:\/\/i0.wp.com\/pepmoliner.blog.cat\/files\/2012\/05\/josepmolinerDisseny381x111-300x87.gif?resize=300%2C87\" alt=\"\" width=\"300\" height=\"87\" \/><\/a><p id=\"caption-attachment-755535\" class=\"wp-caption-text\">Vols que faci de dissenyador per tu ? escriu-me sense comprom\u00eds \ud83d\ude42<\/p><\/div>\n<p>Com que havia treballat\u00a0<strong>pel meu compte<\/strong>, i no em sortia a conte, poso el meu logo a les cr\u00f2niques, per qu\u00e8 penseu amb mi si us surt la necessitat. Obert a les teves propostes.<\/p>\n<p>Escriure a\u00a0aquest blog \u00e9s una afici\u00f3.<\/p>\n<p>Poso alguna cosa del que havia fet i s\u00e9 fer. \u00a0a\u00a0<a title=\"Disseny Gr\u00e0fic d'en Pep Moliner\" href=\"https:\/\/sites.google.com\/site\/dissenyjosepmoliner\/\" target=\"_blank\" rel=\"noopener\">https:\/\/sites.google.com\/site\/dissenyjosepmoliner\/<\/a><\/p>\n<p>Per exemple, manteniments de web, gestionar-te temes de comunicaci\u00f3, Community Manager, et faig newsletters, i tot ho relacionat amb impressi\u00f3, posar a punt documents i portar-los a imprimir i rebre&#8217;ls a casa teva. Puc fer feines i solucionar la seva impressi\u00f3. Preguntem sense comprom\u00eds: al formulari de contacte<\/p>\n<p>Algunes webs que he fet o mantinc<\/p>\n<p><a href=\"http:\/\/www.elroure.net\" target=\"_blank\" rel=\"noopener\">www.elroure.net<\/a><\/p>\n<p><a href=\"http:\/\/www.salvatella.cat\" target=\"_blank\" rel=\"noopener\">www.salvatella.cat<\/a><\/p>\n<p><a href=\"http:\/\/www.civeracampoy.com\" target=\"_blank\" rel=\"noopener\">www.civeracampoy.com<\/a><\/p>\n<p><a href=\"http:\/\/www.egargrafic.com\" target=\"_blank\" rel=\"noopener\">www.egargrafic.com<\/a><\/p>\n<p>&nbsp;<\/p>\n<p>Pots consultar m\u00e9s o menys el que he fet fa poc i tamb\u00e9 fa una colla d&#8217;anys a: <a href=\"http:\/\/disseny.josepmoliner.com\/\" target=\"_blank\" rel=\"noopener\">http:\/\/disseny.josepmoliner.com<\/a> ,<\/p>\n<p>Si vols posar un banner a les meves webs: s\u00f3n molt econ\u00f2mics i et visitar\u00e0 molta gent la teva empresa, i a la gent qu\u00e8 &#8220;li agrado&#8221; sabr\u00e0 de tu i de passada ajudes a &#8220;sobreviure&#8221; aquest blog.<\/p>\n<p>Vinga, espero que m&#8217;escriguis aviat i en parlem.<\/p>\n<p><a href=\"https:\/\/sites.google.com\/site\/dissenyjosepmoliner\/contacte\" target=\"_blank\" rel=\"noopener\">Contacte<\/a><\/p>\n<p>Moltes gr\u00e0cies<\/p>\n<p>&nbsp;<\/p>\n","protected":false},"excerpt":{"rendered":"<p>Com que havia treballat\u00a0pel meu compte, i no em sortia a conte, poso el meu logo a les cr\u00f2niques, per qu\u00e8 penseu amb mi si us surt la necessitat. Obert a les teves propostes. Escriure a\u00a0aquest blog \u00e9s una afici\u00f3. Poso alguna cosa del que havia fet i s\u00e9 fer. \u00a0a\u00a0https:\/\/sites.google.com\/site\/dissenyjosepmoliner\/ Per exemple, manteniments de [&hellip;]<\/p>\n","protected":false},"author":171,"featured_media":0,"parent":0,"menu_order":0,"comment_status":"open","ping_status":"open","template":"","meta":{"jetpack_post_was_ever_published":false,"footnotes":""},"class_list":["post-1482","page","type-page","status-publish","hentry"],"jetpack_sharing_enabled":true,"jetpack_shortlink":"https:\/\/wp.me\/PagkiK-nU","jetpack-related-posts":[{"id":2,"url":"https:\/\/blogs.avui.cat\/pepmoliner\/quant-a\/","url_meta":{"origin":1482,"position":0},"title":"Informaci\u00f3","author":"Pep Moliner","date":"19 d'agost de 2016","format":false,"excerpt":"El meu blog, blog d\u2019en Pep, que va lligat amb el domini http:\/\/www.pepmoliner.cat \u00e9s eminentment esportiu i hi escric cr\u00f2niques, exposo fotografies, anuncio curses on vaig, perqu\u00e8 el lector se\u2019n faci una idea de la meva visi\u00f3 d\u2019un entrenament, d\u2019una competici\u00f3, d\u2019una fotografia. El gust per la fotografia en ve\u2026","rel":"","context":"A &quot;General&quot;","block_context":{"text":"General","link":"https:\/\/blogs.avui.cat\/pepmoliner\/category\/general\/"},"img":{"alt_text":"","src":"","width":0,"height":0},"classes":[]}],"_links":{"self":[{"href":"https:\/\/blogs.avui.cat\/pepmoliner\/wp-json\/wp\/v2\/pages\/1482","targetHints":{"allow":["GET"]}}],"collection":[{"href":"https:\/\/blogs.avui.cat\/pepmoliner\/wp-json\/wp\/v2\/pages"}],"about":[{"href":"https:\/\/blogs.avui.cat\/pepmoliner\/wp-json\/wp\/v2\/types\/page"}],"author":[{"embeddable":true,"href":"https:\/\/blogs.avui.cat\/pepmoliner\/wp-json\/wp\/v2\/users\/171"}],"replies":[{"embeddable":true,"href":"https:\/\/blogs.avui.cat\/pepmoliner\/wp-json\/wp\/v2\/comments?post=1482"}],"version-history":[{"count":21,"href":"https:\/\/blogs.avui.cat\/pepmoliner\/wp-json\/wp\/v2\/pages\/1482\/revisions"}],"predecessor-version":[{"id":4706,"href":"https:\/\/blogs.avui.cat\/pepmoliner\/wp-json\/wp\/v2\/pages\/1482\/revisions\/4706"}],"wp:attachment":[{"href":"https:\/\/blogs.avui.cat\/pepmoliner\/wp-json\/wp\/v2\/media?parent=1482"}],"curies":[{"name":"wp","href":"https:\/\/api.w.org\/{rel}","templated":true}]}}