{"id":2,"date":"2008-07-11T18:22:12","date_gmt":"2008-07-11T16:22:12","guid":{"rendered":""},"modified":"2019-12-12T11:29:15","modified_gmt":"2019-12-12T17:29:15","slug":"quant-a","status":"publish","type":"page","link":"https:\/\/blogs.avui.cat\/joanot\/quant-a\/","title":{"rendered":"Informaci\u00f3"},"content":{"rendered":"<p>No tinc gran cosa a dir. Vaig n\u00e9ixer a Barcelona fa m\u00e9s anys dels que voldria.<\/p>\n<p>Vaig viure i treballar a la ciutat de Nova York per molts anys. Encara que la vida no era mai avorrida, a vegades m&#8217;en anava a estirar les cames per la ciutat o prendre el metro, fixant-me en les coses que veia. \u00a0La gent \u00e9s sempre igual a tot arreu per\u00f2 de manera molt diferent. La igualtat ve de l&#8217;ADN, la desigualtat del m\u00f3n que els envolta. Jo em fixava en el m\u00f3n que envolta als novaiorquesos comuns que van pel carrer. Tamb\u00e9 m&#8217;interessa molt la hist\u00f2ria. Moltes coses semblen absurdes, per\u00f2 no s&#8217;entenen perqu\u00e8 no se sap d&#8217;on venen.<\/p>\n<p>Escric els vespres, quan no tinc res m\u00e9s a fer.<\/p>\n<p>Despr\u00e9s de jubilar-me, vaig anar a viure a Texas prop de Dallas. Ara visc a Bethesda, un suburbi molt important de Washington DC a l\u2019estat de Maryland.<\/p>\n","protected":false},"excerpt":{"rendered":"<p>No tinc gran cosa a dir. Vaig n\u00e9ixer a Barcelona fa m\u00e9s anys dels que voldria. Vaig viure i treballar a la ciutat de Nova York per molts anys. Encara que la vida no era mai avorrida, a vegades m&#8217;en anava a estirar les cames per la ciutat o prendre el metro, fixant-me en les [&hellip;]<\/p>\n","protected":false},"author":183,"featured_media":0,"parent":0,"menu_order":0,"comment_status":"open","ping_status":"open","template":"","meta":{"footnotes":""},"class_list":["post-2","page","type-page","status-publish","hentry"],"jetpack_sharing_enabled":true,"jetpack_shortlink":"https:\/\/wp.me\/Pagkh3-2","jetpack-related-posts":[],"_links":{"self":[{"href":"https:\/\/blogs.avui.cat\/joanot\/wp-json\/wp\/v2\/pages\/2","targetHints":{"allow":["GET"]}}],"collection":[{"href":"https:\/\/blogs.avui.cat\/joanot\/wp-json\/wp\/v2\/pages"}],"about":[{"href":"https:\/\/blogs.avui.cat\/joanot\/wp-json\/wp\/v2\/types\/page"}],"author":[{"embeddable":true,"href":"https:\/\/blogs.avui.cat\/joanot\/wp-json\/wp\/v2\/users\/183"}],"replies":[{"embeddable":true,"href":"https:\/\/blogs.avui.cat\/joanot\/wp-json\/wp\/v2\/comments?post=2"}],"version-history":[{"count":3,"href":"https:\/\/blogs.avui.cat\/joanot\/wp-json\/wp\/v2\/pages\/2\/revisions"}],"predecessor-version":[{"id":2736,"href":"https:\/\/blogs.avui.cat\/joanot\/wp-json\/wp\/v2\/pages\/2\/revisions\/2736"}],"wp:attachment":[{"href":"https:\/\/blogs.avui.cat\/joanot\/wp-json\/wp\/v2\/media?parent=2"}],"curies":[{"name":"wp","href":"https:\/\/api.w.org\/{rel}","templated":true}]}}