{"id":1322,"date":"2016-06-16T11:29:46","date_gmt":"2016-06-16T17:29:46","guid":{"rendered":"http:\/\/blogs.avui.cat\/joanot\/?page_id=1322"},"modified":"2017-05-06T08:00:24","modified_gmt":"2017-05-06T14:00:24","slug":"dallas-i-la-ciutat-de-fort-worth","status":"publish","type":"page","link":"https:\/\/blogs.avui.cat\/joanot\/dallas-i-la-ciutat-de-fort-worth\/","title":{"rendered":"Dallas i la Ciutat de Fort Worth"},"content":{"rendered":"<div id=\"attachment_1327\" style=\"width: 2458px\" class=\"wp-caption alignleft\"><a href='http:\/\/blogs.avui.cat\/joanot\/files\/2016\/06\/IMG_1511-e1466095577885.jpg'><img loading=\"lazy\" decoding=\"async\" aria-describedby=\"caption-attachment-1327\" data-attachment-id=\"1327\" data-permalink=\"https:\/\/blogs.avui.cat\/joanot\/dallas-i-la-ciutat-de-fort-worth\/img_1511\/\" data-orig-file=\"https:\/\/blogs.avui.cat\/joanot\/files\/2016\/06\/IMG_1511-e1466095577885.jpg\" data-orig-size=\"2048,2048\" data-comments-opened=\"1\" data-image-meta=\"{&quot;aperture&quot;:&quot;2.2&quot;,&quot;credit&quot;:&quot;&quot;,&quot;camera&quot;:&quot;iPhone 6&quot;,&quot;caption&quot;:&quot;&quot;,&quot;created_timestamp&quot;:&quot;1463681761&quot;,&quot;copyright&quot;:&quot;&quot;,&quot;focal_length&quot;:&quot;4.15&quot;,&quot;iso&quot;:&quot;32&quot;,&quot;shutter_speed&quot;:&quot;0.0013908205841446&quot;,&quot;title&quot;:&quot;&quot;,&quot;orientation&quot;:&quot;3&quot;}\" data-image-title=\"IMG_1511\" data-image-description=\"\" data-image-caption=\"&lt;p&gt;Un pou d\u00b4extraccio de gas a Fort Worth&lt;\/p&gt;\n\" data-medium-file=\"https:\/\/blogs.avui.cat\/joanot\/files\/2016\/06\/IMG_1511-e1466095577885-300x300.jpg\" data-large-file=\"https:\/\/blogs.avui.cat\/joanot\/files\/2016\/06\/IMG_1511-e1466095577885-1024x1024.jpg\" class=\"size-full wp-image-1327\" src=\"http:\/\/blogs.avui.cat\/joanot\/wp-content\/imagescaler\/9115fad20bc46fd295bc1765d37ecc80.jpg\" alt=\"Un pou d\u00b4extraccio de gas a Fort Worth\" width=\"2448\" height=\"2448\" \/><\/a><p id=\"caption-attachment-1327\" class=\"wp-caption-text\">Un pou d\u00b4extracci\u00f3 de gas a Fort Worth<\/p><\/div>\n<p><a href='http:\/\/blogs.avui.cat\/joanot\/files\/2016\/06\/IMG_1453-1-e1466095995158.jpg'><img loading=\"lazy\" decoding=\"async\" data-attachment-id=\"1329\" data-permalink=\"https:\/\/blogs.avui.cat\/joanot\/dallas-i-la-ciutat-de-fort-worth\/img_1453-2\/\" data-orig-file=\"https:\/\/blogs.avui.cat\/joanot\/files\/2016\/06\/IMG_1453-1-e1466095995158.jpg\" data-orig-size=\"2048,1536\" data-comments-opened=\"1\" data-image-meta=\"{&quot;aperture&quot;:&quot;2.2&quot;,&quot;credit&quot;:&quot;&quot;,&quot;camera&quot;:&quot;iPhone 6&quot;,&quot;caption&quot;:&quot;&quot;,&quot;created_timestamp&quot;:&quot;1460050806&quot;,&quot;copyright&quot;:&quot;&quot;,&quot;focal_length&quot;:&quot;4.15&quot;,&quot;iso&quot;:&quot;32&quot;,&quot;shutter_speed&quot;:&quot;0.00083402835696414&quot;,&quot;title&quot;:&quot;&quot;,&quot;orientation&quot;:&quot;3&quot;}\" data-image-title=\"IMG_1453\" data-image-description=\"\" data-image-caption=\"\" data-medium-file=\"https:\/\/blogs.avui.cat\/joanot\/files\/2016\/06\/IMG_1453-1-e1466095995158-300x225.jpg\" data-large-file=\"https:\/\/blogs.avui.cat\/joanot\/files\/2016\/06\/IMG_1453-1-e1466095995158-1024x768.jpg\" class=\"alignleft size-full wp-image-1329\" src=\"http:\/\/blogs.avui.cat\/joanot\/wp-content\/imagescaler\/f73b305907a534ffa225b3115d646b6a.jpg\" alt=\"IMG_1453\" width=\"3264\" height=\"2448\" \/><\/a><\/p>\n<p>&nbsp;<\/p>\n<div id=\"attachment_1330\" style=\"width: 2058px\" class=\"wp-caption alignleft\"><img loading=\"lazy\" decoding=\"async\" aria-describedby=\"caption-attachment-1330\" data-attachment-id=\"1330\" data-permalink=\"https:\/\/blogs.avui.cat\/joanot\/dallas-i-la-ciutat-de-fort-worth\/01785494b22b8b9f70fdb57dab7d080144a5b15f3d\/\" data-orig-file=\"https:\/\/blogs.avui.cat\/joanot\/files\/2016\/06\/01785494b22b8b9f70fdb57dab7d080144a5b15f3d.jpg\" data-orig-size=\"2048,1536\" data-comments-opened=\"1\" data-image-meta=\"{&quot;aperture&quot;:&quot;2.2&quot;,&quot;credit&quot;:&quot;&quot;,&quot;camera&quot;:&quot;iPhone 6&quot;,&quot;caption&quot;:&quot;&quot;,&quot;created_timestamp&quot;:&quot;1450799131&quot;,&quot;copyright&quot;:&quot;&quot;,&quot;focal_length&quot;:&quot;4.15&quot;,&quot;iso&quot;:&quot;32&quot;,&quot;shutter_speed&quot;:&quot;0.0015432098765432&quot;,&quot;title&quot;:&quot;&quot;,&quot;orientation&quot;:&quot;1&quot;}\" data-image-title=\"01785494b22b8b9f70fdb57dab7d080144a5b15f3d\" data-image-description=\"\" data-image-caption=\"&lt;p&gt;Un n\u00e9t meu admirant el Downtown de Fort Worth des del meu balc\u00f3&lt;\/p&gt;\n\" data-medium-file=\"https:\/\/blogs.avui.cat\/joanot\/files\/2016\/06\/01785494b22b8b9f70fdb57dab7d080144a5b15f3d-300x225.jpg\" data-large-file=\"https:\/\/blogs.avui.cat\/joanot\/files\/2016\/06\/01785494b22b8b9f70fdb57dab7d080144a5b15f3d-1024x768.jpg\" class=\"size-full wp-image-1330\" src=\"http:\/\/blogs.avui.cat\/joanot\/files\/2016\/06\/01785494b22b8b9f70fdb57dab7d080144a5b15f3d.jpg\" alt=\"Un n\u00e9t meu admirant el Downtown de Fort Worth des del meu balc\u00f3\" width=\"2048\" height=\"1536\" srcset=\"https:\/\/blogs.avui.cat\/joanot\/files\/2016\/06\/01785494b22b8b9f70fdb57dab7d080144a5b15f3d.jpg 2048w, https:\/\/blogs.avui.cat\/joanot\/files\/2016\/06\/01785494b22b8b9f70fdb57dab7d080144a5b15f3d-300x225.jpg 300w, https:\/\/blogs.avui.cat\/joanot\/files\/2016\/06\/01785494b22b8b9f70fdb57dab7d080144a5b15f3d-768x576.jpg 768w, https:\/\/blogs.avui.cat\/joanot\/files\/2016\/06\/01785494b22b8b9f70fdb57dab7d080144a5b15f3d-1024x768.jpg 1024w\" sizes=\"auto, (max-width: 2048px) 100vw, 2048px\" \/><p id=\"caption-attachment-1330\" class=\"wp-caption-text\">Un n\u00e9t meu admirant el Downtown de Fort Worth des del meu balc\u00f3<\/p><\/div>\n<p>Ja fa m\u00e9s de tres anys que vaig deixar Nova York i visc a Fort Worth, ciutat que molts Americans coneixen nom\u00e9s perqu\u00e8 l&#8217;aeroport principal es diu\u00a0Dallas-Fort Worth (DFW). Tenim moltes autopistes connectant FW amb Dallas i tenim un tren suburb\u00e0 que funciona molt b\u00e9. Hom no pot dir que FW sigui un suburbi de Dallas, que est\u00e0 (segons on hom vulgui anar) a 30 o 35 milles. \u00c9s m\u00e9s complicat que aix\u00f2. Dallas presideix com a cap visible una comunitat inventada pel Servei Federal d&#8217;Estad\u00edstica i anomenada\u00a0<em>Metroplex<\/em>. La nostra regi\u00f3 havia estat sempre Texas del Nord, una regi\u00f3 molt rica amb grans jaciments de gas natural, molts bancs i multinacionals. El Metroplex \u00e9s enorme, com mitja Catalunya i van decidir canviar el nom per Metroplex, que fa m\u00e9s impressi\u00f3, i est\u00e0 presidit per Dallas al bell mig. El Metroplex t\u00e9 m\u00e9s de set milions de residents, Dallas un mili\u00f3 dos cents mil i Fort Worth nom\u00e9s vuit cents mil. No obstant els pocs residents, Dallas t\u00e9 una skyline impressionant i un tr\u00e0fic odi\u00f3s i desorganitzat i est\u00e0 mal protegida contra desbordaments del riu Trinity. La nostra Skyline, com ensenya la foto al damunt, \u00e9s molt mes modesta i el Downtown molt m\u00e9s avorrit, amb poques botigues, per\u00f2 no cal anar-hi. Parlant de Museums i sales de concert i edificis notables, Dallas ens guanya, per\u00f2 tamb\u00e9 tenim a FW uns Museums d&#8217;art notables i fins i tot una sala de concerts i \u00f2pera.<\/p>\n<p>A Fort Worth en canvi, \u00e9s a l&#8217;inrev\u00e9s: la ciutat \u00e9s immensa, ben organitzada i molt ben protegida contra inundacions. La gent de Dallas sovint ens menyspreen i es pensen que no som res i demanen cr\u00e8dit per coses que s\u00f3n nostres. No heu sentit dir mai que American Airlines, l&#8217;aerol\u00ednia m\u00e9s gran del m\u00f3n est\u00e0 a Dallas? Doncs no: est\u00e0 a FW. Puc veure el seu gratacels des del balc\u00f3. Em recordo d&#8217;una s\u00e8rie televisiva recent ambientada a Dallas. Una noia amb pocs diners demanava veure cases a una amiga que treballava oferint habitatges de lloguer. L&#8217;amiga, veient el petit pressupost disponible responia indignada: Que vols que t&#8217;ensenyi cases a Fort Worth? Vinga,\u00a0 senyora, que ja voldria vost\u00e8 viure tan b\u00e9 com nosaltres!<\/p>\n<p>L&#8217;hostilitat entre FW i Dallas ja dura molts anys. Un milionari important en el passat de FW, Amon Carter, tenia tanta mania a Dallas que quan hi havia d&#8217;anar es feia empaquetar el dinar per no haver<br \/>\nde gastar ni un c\u00e8ntim. Un diari va organitzar una festa d&#8217;enterrament de la destral de la guerra (stem a territori indi) a la frontera entre els dos municipis amb m\u00fasica, per Amon i un adversari comparable de Dallas. Quan tots se n&#8217;anaven, un periodista va avisar a Carter que no havia enterrat b\u00e9 la seva destral b\u00e9 i es veia el m\u00e0nec. Amon Carter va respondre que ho havia fet a prop\u00f2sit per poder-la desenterrar f\u00e0cilment. Quan van obrir el gran aeroport, anomenar-lo Dallas-Fort Worth fou inevitable, o si no&#8230;<\/p>\n<p>Tenim unes quantes multinacionals. I la nit abans del seu assassinat, John F Kennedy va aterrir a un aeroport de FW amb la Jackie i va dormir a un Hotel que encara existeix a Main Street. L&#8217;endem\u00e0 va volar de FW al Love Field de Dallas (que \u00e9s com volar de Badalona a Barcelona) i va fer un passejada triomfal electoralista en cotxe per Dallas. Nom\u00e9s venia a deixar-se veure amb la Jackie. Fou assassinat quan el seu cotxe ja sortia de Dallas. El seu assass\u00ed jau a un cementiri de FW.<\/p>\n<p>Coses m\u00e9s actuals? Als EUA hi ha dues f\u00e0briques federals per imprimir els bitllets de d\u00f2lar. Una est\u00e0 a Washington DC i l&#8217;altre aqu\u00ed, que \u00e9s molt m\u00e9s gran. La vaig visitar l&#8217;altre dia. Em van ensenyar una pila de paquets als costat de la maquin\u00e0ria i em van assegurar que estava veient mil milions de d\u00f2lars. Nom\u00e9s veient. No em van donar res de record, ni una mostra del producte, per\u00f2 oferien els bitllets de dos d\u00f2lars, que s\u00f3n dif\u00edcils de trobar, a bon preu.<\/p>\n<p>Hi ha moltes bases militars i una tradici\u00f3 militarista forta. Tenim aqu\u00ed la f\u00e0brica que produeix tots els avions de la s\u00e8rie F, incl\u00f2s el fam\u00f3s model F35, l&#8217;arma m\u00e9s cara en la hist\u00f2ria del pa\u00eds, un avi\u00f3 que vola a gaireb\u00e9 tres mach, \u00e9s invisible al radar i pot aterrir i despegat verticalment. Diu que els vendran als estrangers de l&#8217;OTAN a 300 milions la pe\u00e7a. Quin progr\u00e9s tan gran!\u00a0 No \u00e9s cap secret. Els diaris en parlen i ofereixen feina. Jo em vaig acostar a veure de lluny el lloc i em van desorganitzar el navegador Google que tinc al cotxe. No es poden fer bromes amb aquesta gent i tenen molta tecnologia. Ni tan sols m\u00b4havia acostat a la porta.<\/p>\n<p>El lloc m\u00e9s tur\u00edstic de la ciutat \u00e9s l&#8217; Stockyard, poblat per bous, bars-restaurant i cowboys en uniform i a cavall (sense pistola). La ciutat fa molts anys abans de trobar el gas, havia esdevingut un centre principal en la venda de bous per alimentar \u00a0la poblaci\u00f3 americana. Cal saber que gr\u00e0cies a aix\u00f2 la ciutat \u00e9s un nus ferroviari molt important per trens de c\u00e0rrega.<\/p>\n<p>Arribem a una cosa rara que potser sorprendr\u00e0 a molts lectors. FW i algunes altres ciutats del Metroplex estan damunt de la bossa de gas natural m\u00e9s gran de la naci\u00f3. Molts residents cobren royalties de la companyia que explota el gas sota els seus jardins. Com a conseq\u00fc\u00e8ncia els pous d&#8217;extracci\u00f3 estan repartits dintre del casc urb\u00e0 per tot arreu. Prop de casa en conec cinc, un d&#8217;ells el de les fotos, per\u00f2 la companyia diu que n&#8217;hi ha 1,500(!!!!). Potser us interessaran les fotos. No hi treballa ning\u00fa ni fan soroll. Tenen uns tubs de ferro sortint de terra, uns quants tancs de magatzematge i pantalles de sol per obtenir electricitat per a l&#8217;ordinador. Estan sempre a una mena de jard\u00ed\u00a0 envoltat per una xarxa met\u00e0l\u00b7lica. El gas surt per un gasoduct subterrani. No s\u00f3n ni macos ni lletjos per\u00f2 no molesten ning\u00fa. Tothom els accepta i diuen que no hi ha perill. Considereu que es tracta de gas, no de petroli.\u00a0 Curiosament, l&#8217;\u00fas dom\u00e8stic del gas \u00e9s molt limitat i tot funciona amb electricitat. En qualsevol, gr\u00e0cies al gas no hi ha cap central que cremi carb\u00f3. Ara que el CO2 \u00e9s el mateix.<\/p>\n<p>Una part molt gran de la ciutat al sud-oest\u00a0 sobretot \u00e9s una verdadera ciutat jard\u00ed molt verda, amb grans cases i jardins amb flors. Els carrers importants van envoltats per parcs enormes i entre el riu Trinity i les vies de tren a vegades es circula en cotxe per qms sense interseccions. Altres parts de la ciutat s\u00f3n com la resta de Texas. En general estan b\u00e9 per\u00f2 hi ha carrers que no estan igual de b\u00e9. Tenim molts barris mexicans i de restaurants i tavernes mexicanes n&#8217;hi ha per tot arreu.<\/p>\n<p>I em deixo pel final la ra\u00f3 per la que visc aqu\u00ed: la Texas Christian University. Veient el nom d&#8217;aquesta gran universitat alg\u00fa a Europa es pensaria que \u00e9s una entitat religiosa, que no \u00e9s veritat. Moltes universitats americanes velles (Harvard, Brown, Columbia, Chicago, etc) van ser fundades per comunitats religioses que necessitaven instrucci\u00f3 pels seus ministres. La majoria van acabar canviant el nom i s\u00f3n laiques per\u00f2 a llocs tan conservadors com Texas no hi va haver forma. En qualsevol cas TCU (com la Southern Methodist University de Dallas, on est\u00e0 la llibreria de George W Bush) \u00e9s una instituci\u00f3 laica on dos membres de la meva fam\u00edlia s\u00f3n professors titulars de Literatura Anglesa. En aquest moment (2016) la matr\u00edcula anual costa m\u00e9s de 33,000 d\u00f2lars, la gran trag\u00e8dia de la que parlava Bernie Sanders. Per\u00f2 sorprenentment, hi ha bufetades per entrar. Com s&#8217;ho fa la gent per pagar? Hi ha molts milionaris aqu\u00ed. Els ciutadans no somnien amb tenir fills genials o intel\u00b7lectuals a Harvard o Stanford: ells volen que tinguin una bona educaci\u00f3 a TCU i prenguin el negoci. Quins objectius millors pot tenir un home senzill?<\/p>\n<p>Ad\u00e9u-siau<\/p>\n<p>Joan<\/p>\n","protected":false},"excerpt":{"rendered":"<p>&nbsp; Ja fa m\u00e9s de tres anys que vaig deixar Nova York i visc a Fort Worth, ciutat que molts Americans coneixen nom\u00e9s perqu\u00e8 l&#8217;aeroport principal es diu\u00a0Dallas-Fort Worth (DFW). Tenim moltes autopistes connectant FW amb Dallas i tenim un tren suburb\u00e0 que funciona molt b\u00e9. Hom no pot dir que FW sigui un suburbi [&hellip;]<\/p>\n","protected":false},"author":183,"featured_media":0,"parent":0,"menu_order":0,"comment_status":"closed","ping_status":"closed","template":"","meta":{"footnotes":""},"class_list":["post-1322","page","type-page","status-publish","hentry"],"jetpack_sharing_enabled":true,"jetpack_shortlink":"https:\/\/wp.me\/Pagkh3-lk","jetpack-related-posts":[],"_links":{"self":[{"href":"https:\/\/blogs.avui.cat\/joanot\/wp-json\/wp\/v2\/pages\/1322","targetHints":{"allow":["GET"]}}],"collection":[{"href":"https:\/\/blogs.avui.cat\/joanot\/wp-json\/wp\/v2\/pages"}],"about":[{"href":"https:\/\/blogs.avui.cat\/joanot\/wp-json\/wp\/v2\/types\/page"}],"author":[{"embeddable":true,"href":"https:\/\/blogs.avui.cat\/joanot\/wp-json\/wp\/v2\/users\/183"}],"replies":[{"embeddable":true,"href":"https:\/\/blogs.avui.cat\/joanot\/wp-json\/wp\/v2\/comments?post=1322"}],"version-history":[{"count":5,"href":"https:\/\/blogs.avui.cat\/joanot\/wp-json\/wp\/v2\/pages\/1322\/revisions"}],"predecessor-version":[{"id":1692,"href":"https:\/\/blogs.avui.cat\/joanot\/wp-json\/wp\/v2\/pages\/1322\/revisions\/1692"}],"wp:attachment":[{"href":"https:\/\/blogs.avui.cat\/joanot\/wp-json\/wp\/v2\/media?parent=1322"}],"curies":[{"name":"wp","href":"https:\/\/api.w.org\/{rel}","templated":true}]}}