{"id":4234,"date":"2013-09-03T19:52:50","date_gmt":"2013-09-03T18:52:50","guid":{"rendered":"http:\/\/blogs.avui.cat\/jaumepubill\/?page_id=4234"},"modified":"2013-11-02T11:37:54","modified_gmt":"2013-11-02T10:37:54","slug":"llibre-a-peu","status":"publish","type":"page","link":"https:\/\/blogs.avui.cat\/jaumepubill\/llibre-a-peu\/","title":{"rendered":"LLIBRE &#8220;A PEU&#8221;"},"content":{"rendered":"<p style=\"text-align: center\"><img data-recalc-dims=\"1\" loading=\"lazy\" decoding=\"async\" class=\"aligncenter size-full wp-image-4236\" alt=\"Ccaminant a poc a poc s'observa millor la vida\" src=\"https:\/\/i0.wp.com\/blogs.avui.cat\/jaumepubill\/files\/2013\/08\/A-peu-2.jpg?resize=300%2C300\" width=\"300\" height=\"300\" \/><\/p>\n<p style=\"text-align: justify\"><span style=\"font-family: Arial, sans-serif\"><span style=\"font-size: small\">Aquest \u00e9s el llibre que l&#8217; Editorial &#8220;EL TOLL&#8221; d&#8217;Ontinyent (La Vall d\u2019Albaida, Pa\u00eds Valenci\u00e0)\u00a0m&#8217;acaba d&#8217;editar. Com podeu veure porta el mateix t\u00edtol d&#8217;aquest blog perqu\u00e8 no \u00e9s res m\u00e9s que una selecci\u00f3 d&#8217;apunts dels primers quatre anys i mig d&#8217;aquest blog que esteu llegint.<\/span><\/span><\/p>\n<p style=\"text-align: justify\"><span style=\"font-family: Arial, sans-serif\"><span style=\"font-size: small\">Hem fet una selecci\u00f3 i tamb\u00e9 una ordenaci\u00f3 per temes i dates per tal de que sigui m\u00e9s f\u00e0cil llegir el que a cadasc\u00fa li resulti m\u00e9s interessant.<\/span><\/span><\/p>\n<p style=\"text-align: justify\"><span style=\"font-family: Arial, sans-serif\"><span style=\"font-size: small\">L&#8217;\u00edndex \u00e9s el seg\u00fcent:<\/span><\/span><\/p>\n<p style=\"text-align: justify\"><span style=\"font-family: Arial, sans-serif\"><span style=\"font-size: small\">1. OBSERVANT AQUEST M\u00d3N DE MONES<\/span><\/span><\/p>\n<p style=\"text-align: justify\"><span style=\"font-family: Arial, sans-serif\"><span style=\"font-size: small\">2. EL MEU PA\u00cdS<\/span><\/span><\/p>\n<p style=\"text-align: justify\"><span style=\"font-family: Arial, sans-serif\"><span style=\"font-size: small\">3. JUGANT AMB LES LLETRES<\/span><\/span><\/p>\n<p style=\"text-align: justify\"><span style=\"font-family: Arial, sans-serif\"><span style=\"font-size: small\">4. VALORS, ENCARA?<\/span><\/span><\/p>\n<p style=\"text-align: justify\"><span style=\"font-family: Arial, sans-serif\"><span style=\"font-size: small\">5. LES PREGUNTES DE SEMPRE<\/span><\/span><\/p>\n<p style=\"text-align: justify\"><span style=\"font-family: Arial, sans-serif\"><span style=\"font-size: small\">6. MAR ENLL\u00c0<\/span><\/span><\/p>\n<p style=\"text-align: justify\"><span style=\"font-family: Arial, sans-serif\"><span style=\"font-size: small\">7. APRENENT SEMPRE<\/span><\/span><\/p>\n<p style=\"text-align: justify\"><span style=\"font-family: Arial, sans-serif\"><span style=\"font-size: small\">8. EL CEL I LA TERRA<\/span><\/span><\/p>\n<p style=\"text-align: justify\"><span style=\"font-family: Arial, sans-serif\"><span style=\"font-size: small\">9. LES CAPACITATS DELS DISCAPACITATS<\/span><\/span><\/p>\n<p style=\"text-align: justify\"><span style=\"font-family: Arial, sans-serif\"><span style=\"font-size: small\">10. LA POLIS<\/span><\/span><\/p>\n<p style=\"text-align: justify\"><span style=\"font-family: Arial, sans-serif\"><span style=\"font-size: small\">El llibre comen\u00e7a amb una necess\u00e0ria\u00a0<strong>JUSTIFICACI\u00d3 <\/strong>que considero important per tal d&#8217;entendre una mica millor com ha arribat a fi de b\u00e9 -si \u00e9s que ho puc dir aix\u00ed- aquell atreviment que l&#8217;estiu del 2008 vaig tenir.<\/span><\/span><\/p>\n<p style=\"text-align: justify\"><span style=\"font-family: Arial, sans-serif\"><span style=\"font-size: small\"><strong>JUSTIFICACI\u00d3<\/strong><\/span><\/span><\/p>\n<p style=\"text-align: justify\"><span style=\"font-family: Arial, sans-serif\"><span style=\"font-size: small\">Abans de res, m&#8217;agradaria justificar l&#8217;exist\u00e8ncia i el per qu\u00e8 d&#8217;aquest llibre, explicar la g\u00e8nesi i el t\u00edtol.<\/span><\/span><\/p>\n<p style=\"text-align: justify\"><span style=\"font-family: Arial, sans-serif\"><span style=\"font-size: small\">Aquest llibre es titula\u00a0\u201c<strong>A PEU\u201d <\/strong>i du com a subt\u00edtol\u00a0\u201c<strong>Caminant a poc a poc s&#8217;observa millor la vida\u201d<\/strong> perqu\u00e8 considero que caminar i mirar s\u00f3n dues coses necess\u00e0ries i essencials per al que vulgui anar una mica ben orientat en el cam\u00ed que a tots ens toca fer a la vida. Un cam\u00ed m\u00e9s o menys llarg, m\u00e9s o menys f\u00e0cil, m\u00e9s o menys tortu\u00f3s, per\u00f2 un cam\u00ed que tots hem de fer, a voltes trescant i altres m\u00e9s tranquil\u00b7lament. Per\u00f2 cam\u00ed personal, a fi de comptes, que si sabem fer-lo sense presses \u00e9s quan podem anar al ritme adequat per poder mirar i fixar-nos en les coses que tenim i que passen al voltant nostre.<\/span><\/span><\/p>\n<p style=\"text-align: justify\"><span style=\"font-family: Arial, sans-serif\"><span style=\"font-size: small\">Aquest llibre \u00e9s el reflex de les mirades diverses que jo he anat fent a alguns punts concrets de la vida durant els primers quatre anys i mig de blog. M\u2019explico: aquest llibre ha nascut d\u2019un blog que vaig iniciar el dia 24 d\u2019 Agost de 2008 i que molt amablement va acollir en aquell moment el diari AVUI. Encara ara el tinc allotjat al diari EL PUNT\/AVUI amb aquest mateix t\u00edtol i all\u00e0 el trobareu fins que potser un dia em cansi i el plegui.<\/span><\/span><\/p>\n<p style=\"text-align: justify\"><span style=\"font-family: Arial, sans-serif\"><span style=\"font-size: small\">Aquell blog va n\u00e9ixer sense cap mena de pretensi\u00f3 i encara menys la de que un dia pogu\u00e9s convertir-se en llibre. Quan un dia em van escriure la gent del diari AVUI i em van demanar si el podien incloure entre els blogs destacats del diari -perqu\u00e8, em van dir, que els semblava interessant- ja vaig estar ben content. Nom\u00e9s em van demanar una condici\u00f3: que cada setmana hi escriv\u00eds un parell o tres de vegades, cosa que he complert amb escreix i amb molt de gust. Ara arriba en forma de llibre perqu\u00e8 -tamb\u00e9 una altra agradable sorpresa-, un bon dia el responsable de l\u2019 editorial valenciana <strong>EL TOLL<\/strong> (Ontinyent- La Vall d&#8217; Albaida-Pa\u00eds Valenci\u00e0) em va fer arribar el seu inter\u00e8s per publicar-lo, fet que tamb\u00e9 m&#8217;ha fet molt content i que agraeixo molt. Per aquest \u00fanic motiu teniu aquest llibre a les vostres mans ja que, d&#8217;altra forma, no hauria pas tingut l&#8217;atreviment de publicar.<\/span><\/span><\/p>\n<p style=\"text-align: justify\"><span style=\"font-family: Arial, sans-serif\"><span style=\"font-size: small\">El blog va comen\u00e7ar com un simple \u201cdivertimento\u201d, un entreteniment que vaig considerar que podia ser profit\u00f3s per a mi, aix\u00ed com una manera d\u2019ajudar-me a reflexionar sobre mi mateix, sobre les coses que passaven i que em passaven. La vida -la realitat- \u00e9s tan complexa i poli\u00e8drica que, per poder-la copsar i entendre una mica, \u00e9s convenient aturar-se a mirar-la i, si pot ser, mirar-la de tots els costats possibles. Com m\u00e9s punts de vista tinguem de les coses millor. <\/span><\/span><\/p>\n<p style=\"text-align: justify\"><span style=\"font-family: Arial, sans-serif\"><span style=\"font-size: small\">Aquest llibre \u00e9s fet de mirades, deia. Les mirades sobre algunes coses de la vida que aqu\u00ed trobareu, seran les que han fet els meus ulls al llarg de m\u00e9s de quatre anys. Per tant, ser\u00e0 la meva mirada en aquell moment concret en qu\u00e8 es van produir els esdeveniments i la manera com jo els vaig mirar en aquell moment. Vindrien a ser com flaixos d&#8217;una realitat molt concreta, a vegades ben objectiva i altres segurament que molt subjectiva. Hi han coses que no les veiem, tot i fer segles que s\u00f3n al nostre costat i passar-hi per la vora cada dia, perqu\u00e8 no ens hi hem fixat prou. Hi han coses que no les veiem perqu\u00e8 no les hem descobert i quan les descobrim quedem meravellats i ja no podem deixar de mirar-les mai m\u00e9s. Hi ha mirades que ens marquen profundament. Hi han realitats que les mirem amb displic\u00e8ncia i les deixem de mirar de seguida perqu\u00e8 no ens interessen prou o potser perqu\u00e8 no ens interessen gens.<\/span><\/span><\/p>\n<p style=\"text-align: justify\"><span style=\"font-family: Arial, sans-serif\"><span style=\"font-size: small\">Exactament aix\u00f2 \u00e9s el que trobareu en aquest llibre: mirades -alguna vegada indiscretes, altres pac\u00edfiques, altres irades, altres potser fins i tot esbiaixades- sobre coses que han passat, que he vist, que em van resultar interessants en un moment determinat o potser em van revoltar. Hi trobareu comentaris sobre coses que em van revoltar la sang i que ara potser em deixarien indiferent o potser me les miraria de forma diferent. Hi trobareu mirades introspectives, \u00edntimes i personals -poques, la veritat sigui dita, perqu\u00e8 em fa molt de respecte aix\u00f2 de despullar-se en p\u00fablic-, mirades cap a fora, cap al meu voltant m\u00e9s pr\u00f2xim, cap a indrets f\u00edsicament i sentimentalment llunyans per a molt de vosaltres per\u00f2 molt propers per a mi; mirades cap al cel, mirades cap a l&#8217;infern i potser fins i tot alguna cap a llocs desconeguts o imaginats, perqu\u00e8 les persones tenim la gran sort de poder mirar i imaginar el que no \u00e9s encara -per\u00f2 pot arribar a ser un dia- i que ens d\u00f3na nous al\u00b7licients, noves forces i noves il\u00b7lusions. Imaginant, pensem, creiem i creem.<\/span><\/span><\/p>\n<p style=\"text-align: justify\"><span style=\"font-family: Arial, sans-serif\"><span style=\"font-size: small\">Us adverteixo ja des d&#8217;ara que en aquest llibre hi trobareu m\u00e9s preguntes que no pas respostes, moltes m\u00e9s incerteses que no pas veritats incontestables, justament perqu\u00e8 \u00e9s el proc\u00e9s que he anat fent jo durant aquest temps apel\u00b7lant a la racionalitat, per\u00f2 tamb\u00e9 a les emocions, dues formes diferents per\u00f2 complement\u00e0ries per poder atansar-se i entendre millor la realitat. I, a vegades, ni fent tots els esfor\u00e7os possibles he estat capa\u00e7 d&#8217;entendre res&#8230;<\/span><\/span><\/p>\n<p style=\"text-align: justify\"><span style=\"font-family: Arial, sans-serif\"><span style=\"font-size: small\">Per tant, us demano que sigueu amables i ben\u00e8vols amb aquests textos que, la majoria d&#8217;ells, han nascut de forma molt espont\u00e0nia i que he preferit deixar-los tal com van n\u00e9ixer i sense fer-hi retocs. Nom\u00e9s en algun cas he considerat oport\u00fa escap\u00e7ar-se algun o afegir-hi algunes frases per a fer-los m\u00e9s entenedors ja que, llegits fora de context i de temps, podien resultar una mica inintel\u00b7ligibles. He procurat agrupar-los per temes -per\u00f2 conservant-ne la data de publicaci\u00f3- per tal de poder ser llegits m\u00e9s f\u00e0cilment, cosa que no s\u00e9 pas si he aconseguit massa. Estic segur que no tenen gaire valor literari i estan carregats de llocs comuns i de visions equivocades; per\u00f2 hi ha molta bona voluntat, cosa que tamb\u00e9 t\u00e9 el seu valor. Si veieu que us avorreixen massa els deixeu i tan amics com sempre!.<\/span><\/span><\/p>\n<p style=\"text-align: justify\"><span style=\"font-family: Arial, sans-serif\"><span style=\"font-size: small\">He fet la tria i el recull d&#8217;apunts del blog des del seu inici -el 24 d&#8217;Agost de 2008- fins al 31 de desembre del 2012. He volgut fer una mica de resum tot revisant les estad\u00edstiques d&#8217;aquests 4 anys i 4 mesos de blog i veig que he escrit 1285 apunts, que han suscitat 1350 comentaris. M&#8217;han visitat vora 90.000 persones que han llegit durant aquest temps 152.000 p\u00e0gines. Un resultat totalment inesperat del que n&#8217;estic content per\u00f2, si he de ser sincer, he de dir que m&#8217;hauria agradat que haguessin estat molts m\u00e9s els que m&#8217;haguessin deixat algun comentari; perqu\u00e8 un comentari sempre \u00e9s una realimentaci\u00f3 (en angl\u00e8s en diuen\u00a0<em>feedback<\/em>) molt profitosa per a qui vol comunicar alguna cosa -sigui de paraula o per escrit- i fa el blog molt m\u00e9s viu. Tamb\u00e9 \u00e9s cert que alguns comentaris me&#8217;ls han fet per correu electr\u00f2nic, fet que ha resultat tamb\u00e9 molt positiu perqu\u00e8 va suscitar en aquell moment un di\u00e0leg molt m\u00e9s personal i a vegades fins i tot ben extens en el temps. N&#8217;estic content tamb\u00e9 per un altre motiu: a trav\u00e9s del blog he conegut gent nova, amb alguns d&#8217;ells ens hem fet amics i hem seguit una cordial relaci\u00f3. Des d&#8217;aqu\u00ed vull donar les gr\u00e0cies a tots: els m\u00e9s fidels seguidors del blog (que s\u00f3n uns quants) i tamb\u00e9 als espor\u00e0dics, la majoria d&#8217;ells lectors del diari EL PUNT\/AVUI que, gr\u00e0cies al diari, han entrat per pura xiripia al meu blog i s&#8217;hi han quedat . A tots ells i a tots els que tindreu la paci\u00e8ncia de llegir aquests apunts en format llibre, moltes gr\u00e0cies.<\/span><\/span><\/p>\n<p style=\"text-align: justify\">&#8212;&#8212;&#8212;&#8212;&#8212;&#8212;&#8212;&#8212;&#8212;&#8212;&#8212;&#8212;&#8212;&#8212;&#8212;&#8212;&#8212;&#8212;&#8212;&#8212;&#8212;&#8212;&#8212;&#8212;&#8212;&#8212;&#8212;&#8212;&#8212;&#8212;-<\/p>\n<p style=\"text-align: justify\"><strong><span style=\"color: #ff0000\">PODEU DEMANAR EL LLIBRE A\u00a0<\/span><\/strong><\/p>\n<p style=\"text-align: justify\"><strong><span style=\"color: #ff0000\"><a href=\"http:\/\/editorialeltoll.blogspot.com.es\/\">http:\/\/editorialeltoll.blogspot.com.es\/<\/a><\/span><\/strong><\/p>\n<p style=\"text-align: justify\">&#8212;&#8212;&#8212;&#8212;&#8212;&#8212;&#8212;&#8212;&#8212;&#8212;&#8212;&#8212;&#8212;&#8212;&#8212;&#8212;&#8212;&#8212;&#8212;&#8212;&#8212;&#8212;&#8212;&#8212;&#8212;&#8212;&#8212;&#8212;&#8212;&#8212;-<\/p>\n<p style=\"text-align: justify\">\n","protected":false},"excerpt":{"rendered":"<p>Aquest \u00e9s el llibre que l&#8217; Editorial &#8220;EL TOLL&#8221; d&#8217;Ontinyent (La Vall d\u2019Albaida, Pa\u00eds Valenci\u00e0)\u00a0m&#8217;acaba d&#8217;editar. Com podeu veure porta el mateix t\u00edtol d&#8217;aquest blog perqu\u00e8 no \u00e9s res m\u00e9s que una selecci\u00f3 d&#8217;apunts dels primers quatre anys i mig d&#8217;aquest blog que esteu llegint. Hem fet una selecci\u00f3 i tamb\u00e9 una ordenaci\u00f3 per temes [&hellip;]<\/p>\n","protected":false},"author":214,"featured_media":0,"parent":0,"menu_order":0,"comment_status":"open","ping_status":"closed","template":"","meta":{"footnotes":""},"class_list":["post-4234","page","type-page","status-publish","hentry"],"jetpack_shortlink":"https:\/\/wp.me\/Pagkjs-16i","jetpack-related-posts":[],"jetpack_sharing_enabled":true,"_links":{"self":[{"href":"https:\/\/blogs.avui.cat\/jaumepubill\/wp-json\/wp\/v2\/pages\/4234","targetHints":{"allow":["GET"]}}],"collection":[{"href":"https:\/\/blogs.avui.cat\/jaumepubill\/wp-json\/wp\/v2\/pages"}],"about":[{"href":"https:\/\/blogs.avui.cat\/jaumepubill\/wp-json\/wp\/v2\/types\/page"}],"author":[{"embeddable":true,"href":"https:\/\/blogs.avui.cat\/jaumepubill\/wp-json\/wp\/v2\/users\/214"}],"replies":[{"embeddable":true,"href":"https:\/\/blogs.avui.cat\/jaumepubill\/wp-json\/wp\/v2\/comments?post=4234"}],"version-history":[{"count":25,"href":"https:\/\/blogs.avui.cat\/jaumepubill\/wp-json\/wp\/v2\/pages\/4234\/revisions"}],"predecessor-version":[{"id":4394,"href":"https:\/\/blogs.avui.cat\/jaumepubill\/wp-json\/wp\/v2\/pages\/4234\/revisions\/4394"}],"wp:attachment":[{"href":"https:\/\/blogs.avui.cat\/jaumepubill\/wp-json\/wp\/v2\/media?parent=4234"}],"curies":[{"name":"wp","href":"https:\/\/api.w.org\/{rel}","templated":true}]}}