{"id":35,"date":"2008-05-18T13:10:31","date_gmt":"2008-05-18T12:10:31","guid":{"rendered":"http:\/\/blogs.avui.cat\/botonier\/"},"modified":"2024-02-19T15:39:51","modified_gmt":"2024-02-19T14:39:51","slug":"autor","status":"publish","type":"page","link":"https:\/\/blogs.avui.cat\/botonier\/autor\/","title":{"rendered":"Autor"},"content":{"rendered":"<p><img data-recalc-dims=\"1\" loading=\"lazy\" decoding=\"async\" src=\"https:\/\/i0.wp.com\/blogs.avui.cat\/botonier\/files\/2010\/06\/222.thumbnail.JPG?resize=100%2C100\" alt=\"222.JPG\" width=\"100\" height=\"100\" \/> Soc Ramon Boixet,\u00a0 nascut a Manresa (1942) i visc des de Gener del 1969 a Su\u00efssa. Soc Qu\u00edmic. Casat fa 55 anys amb l&#8217;Erna. Tenim dos fills : Marc (Economista) i Suzanne (psic\u00f2loga). Tamb\u00e9 tenim sis \u00a0n\u00e9ts: Yanis, \u00a0No\u00e9, Manel, Am\u00e9lie, Linas i Lenn.<\/p>\n","protected":false},"excerpt":{"rendered":"<p>Soc Ramon Boixet,\u00a0 nascut a Manresa (1942) i visc des de Gener del 1969 a Su\u00efssa. Soc Qu\u00edmic. Casat fa 55 anys amb l&#8217;Erna. Tenim dos fills : Marc (Economista) i Suzanne (psic\u00f2loga). Tamb\u00e9 tenim sis \u00a0n\u00e9ts: Yanis, \u00a0No\u00e9, Manel, Am\u00e9lie, Linas i Lenn.<\/p>\n","protected":false},"author":126,"featured_media":0,"parent":0,"menu_order":0,"comment_status":"closed","ping_status":"closed","template":"","meta":{"jetpack_post_was_ever_published":false,"footnotes":""},"class_list":["post-35","page","type-page","status-publish","hentry"],"jetpack-related-posts":[],"jetpack_sharing_enabled":true,"jetpack_likes_enabled":true,"_links":{"self":[{"href":"https:\/\/blogs.avui.cat\/botonier\/wp-json\/wp\/v2\/pages\/35","targetHints":{"allow":["GET"]}}],"collection":[{"href":"https:\/\/blogs.avui.cat\/botonier\/wp-json\/wp\/v2\/pages"}],"about":[{"href":"https:\/\/blogs.avui.cat\/botonier\/wp-json\/wp\/v2\/types\/page"}],"author":[{"embeddable":true,"href":"https:\/\/blogs.avui.cat\/botonier\/wp-json\/wp\/v2\/users\/126"}],"replies":[{"embeddable":true,"href":"https:\/\/blogs.avui.cat\/botonier\/wp-json\/wp\/v2\/comments?post=35"}],"version-history":[{"count":8,"href":"https:\/\/blogs.avui.cat\/botonier\/wp-json\/wp\/v2\/pages\/35\/revisions"}],"predecessor-version":[{"id":3839,"href":"https:\/\/blogs.avui.cat\/botonier\/wp-json\/wp\/v2\/pages\/35\/revisions\/3839"}],"wp:attachment":[{"href":"https:\/\/blogs.avui.cat\/botonier\/wp-json\/wp\/v2\/media?parent=35"}],"curies":[{"name":"wp","href":"https:\/\/api.w.org\/{rel}","templated":true}]}}